{"id":798,"date":"2023-02-10T18:06:18","date_gmt":"2023-02-10T17:06:18","guid":{"rendered":"https:\/\/alejandrobarral.com\/?page_id=798"},"modified":"2023-02-10T18:06:19","modified_gmt":"2023-02-10T17:06:19","slug":"politica-de-cookies","status":"publish","type":"page","link":"https:\/\/alejandrobarral.com\/?page_id=798","title":{"rendered":"Pol\u00edtica de Cookies"},"content":{"rendered":"\n<h3 class=\"wp-block-heading\"><strong>Cookies<\/strong><\/h3>\n\n\n\n<p>Las cookies son archivos de texto que un servidor web almacena o graba en el equipo inform\u00e1tico o dispositivo electr\u00f3nico del usuario de un sitio o p\u00e1gina web, entendi\u00e9ndose por usuario, la persona f\u00edsica que accede al sitio o p\u00e1gina web.<\/p>\n\n\n\n<p>Las cookies pueden almacenar informaci\u00f3n tanto del equipo terminal o sesi\u00f3n de navegaci\u00f3n que accede a un sitio o p\u00e1gina web, como de los lugares por los que se navega. De esta manera, cuando el usuario vuelve a acceder al sitio o p\u00e1gina web, el servidor lee las cookies para facilitar y configurar la navegaci\u00f3n, establecer o recuperar las preferencias del usuario y personalizar la publicidad a trav\u00e9s de los sitios o p\u00e1ginas webs. En caso de que el usuario no permita el uso de las cookies, determinados servicios o funcionalidades del sitio o p\u00e1gina web pueden no estar disponibles para el usuario.<\/p>\n\n\n\n<h3 class=\"wp-block-heading\"><strong>Configuraci\u00f3n del navegador para el uso de cookies<\/strong><\/h3>\n\n\n\n<p>El usuario del sitio o p\u00e1gina web puede configurar su navegador para aceptar o rechazar el almacenamiento de las cookies y borrar estas cookies de su equipo inform\u00e1tico o dispositivo electr\u00f3nico, en cualquier momento, o una vez terminada la sesi\u00f3n o cierre del navegador o dispositivo electr\u00f3nico.<\/p>\n\n\n\n<p>La configuraci\u00f3n para la aceptaci\u00f3n, rechazo o borrado de las cookies de los principales navegadores puede realizarse (enlaces consulta configuraci\u00f3n):<\/p>\n\n\n\n<ul class=\"wp-block-list\">\n<li>Internet Explorer:&nbsp;<a href=\"http:\/\/windows.microsoft.com\/es-es\/windows-vista\/change-internet-explorer-privacy-settings\" target=\"_blank\" rel=\"noreferrer noopener\">http:\/\/windows.microsoft.com\/es-es\/windows-vista\/change-internet-explorer-privacy-settings<\/a><\/li>\n\n\n\n<li>Chrome:&nbsp;<a href=\"http:\/\/support.google.com\/chrome\/bin\/answer.py?hl=es&amp;answer=114836\" target=\"_blank\" rel=\"noreferrer noopener\">http:\/\/support.google.com\/chrome\/bin\/answer.py?hl=es&amp;answer=114836<\/a><\/li>\n\n\n\n<li>Firefox:&nbsp;<a href=\"http:\/\/support.mozilla.org\/es\/kb\/configuracion-de-la-privacidad-el-historial-de-nav\" target=\"_blank\" rel=\"noreferrer noopener\">http:\/\/support.mozilla.org\/es\/kb\/configuracion-de-la-privacidad-el-historial-de-nav<\/a><\/li>\n\n\n\n<li>Safari:&nbsp;<a href=\"http:\/\/support.apple.com\/kb\/HT1677?viewlocale=es_ES\" target=\"_blank\" rel=\"noreferrer noopener\">http:\/\/support.apple.com\/kb\/HT1677?viewlocale=es_ES<\/a><\/li>\n\n\n\n<li>Opera:&nbsp;<a href=\"http:\/\/help.opera.com\/Windows\/11.50\/es-ES\/cookies.html\" target=\"_blank\" rel=\"noreferrer noopener\">http:\/\/help.opera.com\/Windows\/11.50\/es-ES\/cookies.html<\/a><\/li>\n<\/ul>\n\n\n\n<p>Para m\u00e1s informaci\u00f3n sobre la configuraci\u00f3n de los navegadores con el fin de aceptar, rechazar o borrar las cookies en los equipos inform\u00e1ticos o dispositivos electr\u00f3nicos, el usuario puede acceder a la opci\u00f3n \u201cAyuda\u201d de la barra de herramientas del navegador.<\/p>\n\n\n\n<h3 class=\"wp-block-heading\"><strong>Cookies del sitio o p\u00e1gina web aristinfisioterapia.es<\/strong><\/h3>\n\n\n\n<p>Conforme a la Ley 34\/2002, de 11 de julio, de servicios de la sociedad de la informaci\u00f3n y de comercio electr\u00f3nico, se informa al usuario que el sitio o p\u00e1gina web aristinfisioterapia.es utiliza cookies que caducan (se borran) al final de la sesi\u00f3n y que permanecen (duraderas) en el tiempo.<\/p>\n\n\n\n<figure class=\"wp-block-table\"><table><thead><tr><th>COOKIE<\/th><th>NOMBRE<\/th><th>FINALIDAD \/ M\u00c1S INFORMACI\u00d3N<\/th><th>VENCIMIENTO<\/th><\/tr><\/thead><tbody><tr><td>Google Analytics \u2013 Cookies de terceros<\/td><td>_utma<\/td><td>Cookie de Google Analytics en el sitio web para poder hacer un seguimiento de la actividad realizada en la web entre usuarios y sesiones.<\/td><td>2 a\u00f1os<\/td><\/tr><tr><td>_utmb<\/td><td>Cookies de Google Analytics que recopila informaci\u00f3n de registro est\u00e1ndar y datos sobre los h\u00e1bitos en la navegaci\u00f3n.<\/td><td>30 minutos<\/td><\/tr><tr><td>_utmc<\/td><td>Determina si es necesario establecer nueva sesi\u00f3n o visita.<\/td><td>Sesi\u00f3n<\/td><\/tr><tr><td>_utmt<\/td><td>Se usa para almacenar datos de variables personalizadas del visitante, para limitar solicitudes.<\/td><td>10 minutos<\/td><\/tr><tr><td>_utmz<\/td><td>Almacena el origen del visitante y el camino que ha seguido para acceder a la web.<\/td><td>6 meses<\/td><\/tr><tr><td>WordPress \u2013 Cookie propia<\/td><td>Comment_author<\/td><td>Cookie de WordPress para recordar el inicio de sesi\u00f3n volutario de suscriptores y autores de comentarios.<\/td><td>Permanente<\/td><\/tr><\/tbody><\/table><\/figure>\n\n\n\n<h3 class=\"wp-block-heading\"><strong>Consentimiento para el uso de cookies.<\/strong><\/h3>\n\n\n\n<p>Desde el momento en que el usuario acceda al sitio web aristinfisioterapia.es podr\u00e1 visualizar en la p\u00e1gina de inicio una ventana d\u00f3nde se informa del uso de cookies y el acceso a la Pol\u00edtica de Cookies.<\/p>\n\n\n\n<p>Si el usuario continua navegando en el sitio web aristinfisioterapia.es por sus diferentes ventanas\/pantallas\/p\u00e1ginas estar\u00e1 consintiendo el uso de las cookies; en otro caso, el usuario que no acepte el uso de cookies en su equipo inform\u00e1tico o dispositivo electr\u00f3nico, deber\u00e1 salir del citado sitio web o configurar su equipo inform\u00e1tico o dispositivo electr\u00f3nico para rechazar las cookies, en cuyo caso, se informa al usuario que al rechazar las cookies determinados servicios y contenidos pueden estar limitados, no pudiendo el usuario disfrutar de ellos.<\/p>\n\n\n\n<p>Una vez otorgado por el usuario su consentimiento aceptando las cookies y mientras dichas cookies se mantengan en el equipo inform\u00e1tico o dispositivo electr\u00f3nico del usuario, se entender\u00e1 que el consentimiento continua otorgado para los posteriores accesos realizados por el usuario al sitio web aristinfisioterapia.es, no teniendo el usuario que consentir nuevamente el uso de las cookies cada vez que acceda al citado sitio web. En cualquier momento, el usuario puede rechazar el consentimiento otorgado, borrando de su navegador las cookies utilizadas en el sitio web aristinfisioterapia.es y no aceptando el uso de cookies en su equipo inform\u00e1tico o dispositivo electr\u00f3nico para rechazar las cookies, en cuyo caso, se informa al usuario que determinados servicios y contenidos pueden estar limitados, no pudiendo el usuario disfrutar de los mismos.<\/p>\n\n\n\n<p><\/p>\n\n\n\n<h3 class=\"wp-block-heading\"><strong>Contacto.<\/strong><\/h3>\n\n\n\n<p>El usuario puede obtener m\u00e1s informaci\u00f3n sobre las cookies propias utilizadas en el sitio web Alejandro Barral Fisioterapia, titular de este sitio web, mediante comunicaci\u00f3n escrita dirigida a la siguiente direcci\u00f3n postal: Ocampo 621, 35000 &#8211; G\u00f3mez Palacio (Durango) o en el n\u00famero de tel\u00e9fono: +52 871 232 0708. Para obtener m\u00e1s informaci\u00f3n sobre las cookies de terceros utilizadas en el sitio web aristinfisioterapia.es, el usuario puede dirigirse a los titulares de dichas cookies de terceros.<\/p>\n","protected":false},"excerpt":{"rendered":"<p>Cookies Las cookies son archivos de texto que un servidor web almacena o graba en el equipo inform\u00e1tico o dispositivo electr\u00f3nico del usuario de un sitio o p\u00e1gina web, entendi\u00e9ndose por usuario, la persona f\u00edsica que accede al sitio o<\/p>\n","protected":false},"author":1,"featured_media":0,"parent":0,"menu_order":0,"comment_status":"closed","ping_status":"closed","template":"","meta":{"footnotes":""},"class_list":["post-798","page","type-page","status-publish","hentry"],"_links":{"self":[{"href":"https:\/\/alejandrobarral.com\/index.php?rest_route=\/wp\/v2\/pages\/798","targetHints":{"allow":["GET"]}}],"collection":[{"href":"https:\/\/alejandrobarral.com\/index.php?rest_route=\/wp\/v2\/pages"}],"about":[{"href":"https:\/\/alejandrobarral.com\/index.php?rest_route=\/wp\/v2\/types\/page"}],"author":[{"embeddable":true,"href":"https:\/\/alejandrobarral.com\/index.php?rest_route=\/wp\/v2\/users\/1"}],"replies":[{"embeddable":true,"href":"https:\/\/alejandrobarral.com\/index.php?rest_route=%2Fwp%2Fv2%2Fcomments&post=798"}],"version-history":[{"count":1,"href":"https:\/\/alejandrobarral.com\/index.php?rest_route=\/wp\/v2\/pages\/798\/revisions"}],"predecessor-version":[{"id":799,"href":"https:\/\/alejandrobarral.com\/index.php?rest_route=\/wp\/v2\/pages\/798\/revisions\/799"}],"wp:attachment":[{"href":"https:\/\/alejandrobarral.com\/index.php?rest_route=%2Fwp%2Fv2%2Fmedia&parent=798"}],"curies":[{"name":"wp","href":"https:\/\/api.w.org\/{rel}","templated":true}]}}